{"id":1075,"date":"2022-06-01T10:07:18","date_gmt":"2022-06-01T13:07:18","guid":{"rendered":"https:\/\/voti.top\/pantanal\/?page_id=1075"},"modified":"2022-06-26T15:39:16","modified_gmt":"2022-06-26T18:39:16","slug":"grupo","status":"publish","type":"page","link":"https:\/\/voti.top\/pantanal\/grupo\/","title":{"rendered":"Grupo Whats App"},"content":{"rendered":"\n<p><\/p>\n\n\n\n<div class=\"wp-block-image\"><figure class=\"aligncenter\"><a href=\"https:\/\/chat.whatsapp.com\/HoTmPVAmCNN8dMj6mE2H6h\"><img decoding=\"async\" src=\"https:\/\/vedsystem.com.br\/wp-content\/uploads\/2019\/06\/whatsapp.jpg\" alt=\"GRUPO WHATSAPP \u2013 Vedsystem Ind\u00fastria e Com\u00e9rcio de Veda\u00e7\u00f5es\"\/><\/a><\/figure><\/div>\n\n\n<div id=\"polls-2\" class=\"wp-polls\">\n\t<form id=\"polls_form_2\" class=\"wp-polls-form\" action=\"\/pantanal\/index.php\" method=\"post\">\n\t\t<p style=\"display: none;\"><input type=\"hidden\" id=\"poll_2_nonce\" name=\"wp-polls-nonce\" value=\"c5f99f3a8a\" \/><\/p>\n\t\t<p style=\"display: none;\"><input type=\"hidden\" name=\"poll_id\" value=\"2\" \/><\/p>\n\t\t<p style=\"display: none;\"><input type=\"hidden\" id=\"poll_multiple_ans_2\" name=\"poll_multiple_ans_2\" value=\"3\" \/><\/p>\n\t\t<p style=\"text-align: center;\"><strong>Qual a utilidade do Site Voti.top e os Grupos de Emprego?<\/strong><\/p><div id=\"polls-2-ans\" class=\"wp-polls-ans\"><ul class=\"wp-polls-ul\">\n\t\t<li><input type=\"checkbox\" id=\"poll-answer-6\" name=\"poll_2\" value=\"6\" \/> <label for=\"poll-answer-6\">Tem sido extremamente \u00fatil para a Regi\u00e3o Pantaneira<\/label><\/li>\n\t\t<li><input type=\"checkbox\" id=\"poll-answer-7\" name=\"poll_2\" value=\"7\" \/> <label for=\"poll-answer-7\">Muito \u00fatil, inclusive fui beneficiado<\/label><\/li>\n\t\t<li><input type=\"checkbox\" id=\"poll-answer-8\" name=\"poll_2\" value=\"8\" \/> <label for=\"poll-answer-8\">Muito \u00fatil, conhe\u00e7o pessoas que foram beneficiadas<\/label><\/li>\n\t\t<li><input type=\"checkbox\" id=\"poll-answer-9\" name=\"poll_2\" value=\"9\" \/> <label for=\"poll-answer-9\">N\u00e3o tem sido \u00fatil<\/label><\/li>\n\t\t<\/ul><p style=\"text-align: center;\"><input type=\"button\" name=\"vote\" value=\"   Voto   \" class=\"Buttons\" onclick=\"poll_vote(2);\" \/><\/p><p style=\"text-align: center;\"><a href=\"#ViewPollResults\" onclick=\"poll_result(2); return false;\" title=\"Veja resultados desta pesquisa\">Ver resultados<\/a><\/p><\/div>\n\t<\/form>\n<\/div>\n<div id=\"polls-2-loading\" class=\"wp-polls-loading\"><img loading=\"lazy\" decoding=\"async\" src=\"https:\/\/voti.top\/pantanal\/wp-content\/plugins\/wp-polls\/images\/loading.gif\" width=\"16\" height=\"16\" alt=\"Carregando ...\" title=\"Carregando ...\" class=\"wp-polls-image\" \/>&nbsp;Carregando ...<\/div>\n\n\n\n\n<p><\/p>\n\n\n\n<p><\/p>\n\n\n\n<p class=\"has-text-align-center\"><strong><em>Patrocinadores:<\/em><\/strong><\/p>\n\n\n\n<p class=\"has-text-align-center\"><span style=\"font-weight: bold; color: #f00;\">Erro, n\u00e3o existe o grupo! Verifique sua sintaxe! (ID: 1)<\/span><\/p>\n\n\n\n<p><\/p>\n\n\n\n<p><\/p>\n","protected":false},"excerpt":{"rendered":"<p>Patrocinadores:<\/p>\n","protected":false},"author":1,"featured_media":0,"parent":0,"menu_order":0,"comment_status":"closed","ping_status":"closed","template":"","meta":{"_mbp_gutenberg_autopost":false,"_joinchat":[],"footnotes":""},"class_list":["post-1075","page","type-page","status-publish","hentry"],"_links":{"self":[{"href":"https:\/\/voti.top\/pantanal\/wp-json\/wp\/v2\/pages\/1075","targetHints":{"allow":["GET"]}}],"collection":[{"href":"https:\/\/voti.top\/pantanal\/wp-json\/wp\/v2\/pages"}],"about":[{"href":"https:\/\/voti.top\/pantanal\/wp-json\/wp\/v2\/types\/page"}],"author":[{"embeddable":true,"href":"https:\/\/voti.top\/pantanal\/wp-json\/wp\/v2\/users\/1"}],"replies":[{"embeddable":true,"href":"https:\/\/voti.top\/pantanal\/wp-json\/wp\/v2\/comments?post=1075"}],"version-history":[{"count":2,"href":"https:\/\/voti.top\/pantanal\/wp-json\/wp\/v2\/pages\/1075\/revisions"}],"predecessor-version":[{"id":1238,"href":"https:\/\/voti.top\/pantanal\/wp-json\/wp\/v2\/pages\/1075\/revisions\/1238"}],"wp:attachment":[{"href":"https:\/\/voti.top\/pantanal\/wp-json\/wp\/v2\/media?parent=1075"}],"curies":[{"name":"wp","href":"https:\/\/api.w.org\/{rel}","templated":true}]}}