{"id":1504,"date":"2022-07-05T16:14:02","date_gmt":"2022-07-05T19:14:02","guid":{"rendered":"https:\/\/voti.top\/pantanal\/?page_id=1504"},"modified":"2022-07-05T16:27:14","modified_gmt":"2022-07-05T19:27:14","slug":"abertas-inscricoes-para-20-cursos-livres-sem-tutoria","status":"publish","type":"page","link":"https:\/\/voti.top\/pantanal\/abertas-inscricoes-para-20-cursos-livres-sem-tutoria\/","title":{"rendered":"Abertas inscri\u00e7\u00f5es para 20\u00a0cursos\u00a0livres\u00a0sem tutoria"},"content":{"rendered":"\n<h6 class=\"wp-block-heading\"><em>Com carga hor\u00e1ria que varia de 20 a 60 horas,\u00a0cursos\u00a0s\u00e3o oferecidos a dist\u00e2ncia e podem ser conclu\u00eddos at\u00e9 dezembro<\/em><\/h6>\n\n\n<div class=\"wp-block-image\">\n<figure class=\"alignleft\"><a href=\"https:\/\/www.ifms.edu.br\/noticias\/2022\/abertas-inscricoes-para-20-cursos-livres-sem-tutoria\/@@nitf_custom_galleria\"><img decoding=\"async\" src=\"https:\/\/www.ifms.edu.br\/noticias\/2022\/abertas-inscricoes-para-20-cursos-livres-sem-tutoria\/whatsapp-image-2022-07-01-at-14-51-58.jpeg\/@@images\/6a8e456c-ce4c-427a-af7a-399b4fc2f2c4.jpeg\" alt=\"\"\/><\/a><\/figure>\n<\/div>\n\n\n<p>O Instituto Federal de Mato Grosso do Sul (IFMS) est\u00e1 com inscri\u00e7\u00f5es abertas em 20 op\u00e7\u00f5es de&nbsp;cursos&nbsp;livres, que ser\u00e3o oferecidos a dist\u00e2ncia e sem tutoria neste segundo semestre de 2022.&nbsp;<\/p>\n\n\n\n<p>O acesso ao conte\u00fado dos\u00a0cursos\u00a0pode ser feito por meio de qualquer dispositivo conectado \u00e0 internet, inclusive tablets e aparelhos celulares.<\/p>\n\n\n\n<div class=\"g g-2\"><div class=\"g-single a-3\">Anuncie: 67-9.8482-3872<a class=\"gofollow\" data-track=\"MywyLDYw\" href=\"https:\/\/voti.top\/pantanal\/eletrica-costa\/\"><img decoding=\"async\" src=\"https:\/\/voti.top\/pantanal\/wp-content\/uploads\/2022\/10\/Eletrica-CostaG.jpg\" \/><\/a>Detalhes desse an\u00fancio? Clique na imagem.<\/div><\/div>\n\n\n\n<p>Com carga hor\u00e1ria que varia de 20 a 60 horas, s\u00e3o oferecidas as seguintes op\u00e7\u00f5es de&nbsp;cursos&nbsp;livres:<\/p>\n\n\n\n<ul class=\"wp-block-list\"><li>Conceitos B\u00e1sicos de Qu\u00edmica &#8211; 20 horas;<\/li><li>Conhecendo o IFMS &#8211; 30 horas;<\/li><li>Comunica\u00e7\u00e3o Eficaz para Vendas &#8211; 30 horas;<\/li><li>Forma\u00e7\u00e3o Pedag\u00f3gica para EaD &#8211; 50 horas;\u00a0\u00a0<\/li><li>Franc\u00eas\u00a0B\u00e1sico &#8211; 45 horas;<\/li><li>Moodle para Educadores &#8211; 30 horas;<\/li><li><div class=\"g g-2\"><div class=\"g-single a-131\">Anuncie: 67-9.8482-3872<a class=\"gofollow\" data-track=\"MTMxLDIsNjA=\" href=\"https:\/\/voti.top\/pantanal\/amor-no-potinho\/\"><img decoding=\"async\" src=\"https:\/\/voti.top\/pantanal\/wp-content\/uploads\/2023\/08\/amor-no-potinho001G.jpg\" \/><\/a>Detalhes desse an\u00fancio? Clique na imagem.<\/div><\/div><\/li><li><\/li><li>Videoaula &#8211; Da Concep\u00e7\u00e3o \u00e0 Postagem &#8211; 60 horas;<\/li><li>\u00c9tica e Integridade na Pesquisa &#8211; 20 horas;<\/li><li><span style=\"color: var(--dynamico--text-color); font-family: var(--dynamico--text-font); font-size: 1.0625rem;\">LET US PLAY: Maximiza\u00e7\u00e3o de Atividades na Educa\u00e7\u00e3o F\u00edsica Escolar &#8211; 20 horas;<\/span><\/li><li>Introdu\u00e7\u00e3o \u00e0 Intelig\u00eancia Artificial &#8211; 30 horas;<\/li><li>Introdu\u00e7\u00e3o \u00e0 L\u00f3gica de Programa\u00e7\u00e3o com Arduino &#8211; 30 horas;<\/li><li>Matem\u00e1tica: \u00c1lgebra B\u00e1sica &#8211; 40 Horas;<\/li><li>Introdu\u00e7\u00e3o a L\u00f3gica &#8211; 45 horas;<\/li><li><div class=\"g g-2\"><div class=\"g-single a-143\">Anuncie: 67-9.8482-3872<a class=\"gofollow\" data-track=\"MTQzLDIsNjA=\" href=\"https:\/\/voti.top\/pantanal\/eletrica-costa\/\"><img decoding=\"async\" src=\"https:\/\/voti.top\/pantanal\/wp-content\/uploads\/2023\/09\/piscinas003G.jpg\" \/><\/a>Detalhes desse an\u00fancio? Clique na imagem.<\/div><\/div><\/li><li><\/li><li>Opera\u00e7\u00e3o dos Tratores da Linha 5E &#8211; 20 horas;<\/li><li>Libras B\u00e1sico &#8211; 40 horas;<\/li><li>Programa\u00e7\u00e3o de Rob\u00f3tica Lego EVE: N\u00edvel B\u00e1sico &#8211; 20 horas;<\/li><li>Desenvolvimento Pessoal e Profissional &#8211; 60 horas;<\/li><li>L\u00f3gica de Programa\u00e7\u00e3o com Arduino: N\u00edvel Intermedi\u00e1rio &#8211; 40 horas;<\/li><li>Desenvolvimento de Jogos 2D com Unity &#8211; 40 horas;<\/li><li>Ass\u00e9dio Moral e Sexual: Preven\u00e7\u00e3o e Enfrentamento &#8211; 20 horas.<\/li><\/ul>\n\n\n\n<p>Os&nbsp;cursos&nbsp;dever\u00e3o ser conclu\u00eddos at\u00e9 20 de dezembro. O certificado ser\u00e1 emitido pelo pr\u00f3prio cursista.<\/p>\n\n\n\n<p><strong>Inscri\u00e7\u00f5es<\/strong>&nbsp;&#8211; Devem ser feitas na&nbsp;<a href=\"https:\/\/cursoslivres.ifms.edu.br\/\" target=\"_blank\" rel=\"noreferrer noopener\">plataforma de&nbsp;Cursos&nbsp;Livres&nbsp;do IFMS<\/a>, e ficam abertas at\u00e9 8 de dezembro.<\/p>\n\n\n\n<div class=\"g g-2\"><div class=\"g-single a-114\">Anuncie: 67-9.8482-3872<a class=\"gofollow\" data-track=\"MTE0LDIsNjA=\" href=\"https:\/\/voti.top\/pantanal\/cleo-silva-hair\/\"><img decoding=\"async\" src=\"https:\/\/voti.top\/pantanal\/wp-content\/uploads\/2023\/06\/cleo-silva-hair02G.jpg\" \/><\/a>Detalhes desse an\u00fancio? Clique na imagem.<\/div><\/div>\n\n\n\n<p>Caso o interessado n\u00e3o tenha cadastro na plataforma, dever\u00e1 criar uma conta e preencher os dados solicitados. \u00c9 importante inserir o nome e o n\u00famero do Cadastro de Pessoa F\u00edsica (CPF) corretamente, uma vez que essas informa\u00e7\u00f5es ser\u00e3o utilizadas na emiss\u00e3o\u00a0online\u00a0do certificado.<\/p>\n\n\n\n<div class=\"g g-2\"><div class=\"g-single a-149\">Anuncie: 67-9.8482-3872<a class=\"gofollow\" data-track=\"MTQ5LDIsNjA=\" href=\"https:\/\/voti.top\/pantanal\/sandalias-personalizadas\/\/\"><img decoding=\"async\" src=\"https:\/\/voti.top\/pantanal\/wp-content\/uploads\/2024\/01\/leticia-chinelos002G-1.jpg\" \/><\/a>Detalhes desse an\u00fancio? Clique na imagem.<\/div><\/div>\n\n\n\n<p>Outro dado importante \u00e9 o e-mail informado no cadastro, pois ser\u00e1 por meio dele que o interessado receber\u00e1 o&nbsp;link de confirma\u00e7\u00e3o para fazer o primeiro acesso \u00e0 plataforma.<\/p>\n\n\n\n<p>Mais informa\u00e7\u00f5es sobre os&nbsp;cursos&nbsp;livres&nbsp;do IFMS, ofertados pelo Centro&nbsp;de Refer\u00eancia em Tecnologias Educacionais e Educa\u00e7\u00e3o a Dist\u00e2ncia (Cread), podem ser obtidas pelo e-mail&nbsp;<a href=\"mailto:cursoslivres@ifms.edu.br?subject=E-mail\" target=\"_blank\" rel=\"noreferrer noopener\">cursoslivres@ifms.edu.br<\/a>.<\/p>\n\n\n\n<span style=\"font-weight: bold; color: #f00;\">Erro, n\u00e3o existe o grupo! Verifique sua sintaxe! (ID: 1)<\/span>\n\n\n\n<p><\/p>\n\n\n\n<p class=\"has-text-align-center\"><\/p>\n","protected":false},"excerpt":{"rendered":"<p>Com carga hor\u00e1ria que varia de 20 a 60 horas,\u00a0cursos\u00a0s\u00e3o oferecidos a dist\u00e2ncia e podem ser conclu\u00eddos at\u00e9 dezembro O Instituto Federal de Mato Grosso do Sul (IFMS) est\u00e1 com inscri\u00e7\u00f5es abertas em 20 op\u00e7\u00f5es de&nbsp;cursos&nbsp;livres, que ser\u00e3o oferecidos a dist\u00e2ncia e sem tutoria neste segundo semestre de 2022.&nbsp; O acesso ao conte\u00fado dos\u00a0cursos\u00a0pode ser <a class=\"more-link\" href=\"https:\/\/voti.top\/pantanal\/abertas-inscricoes-para-20-cursos-livres-sem-tutoria\/\">Leia mais&#8230; &raquo;<\/a><\/p>\n","protected":false},"author":1,"featured_media":0,"parent":0,"menu_order":0,"comment_status":"open","ping_status":"closed","template":"","meta":{"_mbp_gutenberg_autopost":false,"_joinchat":[],"footnotes":""},"class_list":["post-1504","page","type-page","status-publish","hentry"],"_links":{"self":[{"href":"https:\/\/voti.top\/pantanal\/wp-json\/wp\/v2\/pages\/1504","targetHints":{"allow":["GET"]}}],"collection":[{"href":"https:\/\/voti.top\/pantanal\/wp-json\/wp\/v2\/pages"}],"about":[{"href":"https:\/\/voti.top\/pantanal\/wp-json\/wp\/v2\/types\/page"}],"author":[{"embeddable":true,"href":"https:\/\/voti.top\/pantanal\/wp-json\/wp\/v2\/users\/1"}],"replies":[{"embeddable":true,"href":"https:\/\/voti.top\/pantanal\/wp-json\/wp\/v2\/comments?post=1504"}],"version-history":[{"count":4,"href":"https:\/\/voti.top\/pantanal\/wp-json\/wp\/v2\/pages\/1504\/revisions"}],"predecessor-version":[{"id":1511,"href":"https:\/\/voti.top\/pantanal\/wp-json\/wp\/v2\/pages\/1504\/revisions\/1511"}],"wp:attachment":[{"href":"https:\/\/voti.top\/pantanal\/wp-json\/wp\/v2\/media?parent=1504"}],"curies":[{"name":"wp","href":"https:\/\/api.w.org\/{rel}","templated":true}]}}