{"id":1751,"date":"2022-07-15T12:30:37","date_gmt":"2022-07-15T15:30:37","guid":{"rendered":"https:\/\/voti.top\/pantanal\/?page_id=1751"},"modified":"2022-07-15T12:45:39","modified_gmt":"2022-07-15T15:45:39","slug":"senac-cursos-gratuitos","status":"publish","type":"page","link":"https:\/\/voti.top\/pantanal\/senac-cursos-gratuitos\/","title":{"rendered":"SENAC &#8211; Cursos Gratuitos"},"content":{"rendered":"\n<h4 class=\"wp-block-heading\"><em>Informa\u00e7\u00f5es Importantes sobre  o Programa Senac de Gratuidade \u2013 PSG<\/em><\/h4>\n\n\n\n<figure class=\"wp-block-table\"><table><tbody><tr><td><div class=\"g g-2\"><div class=\"g-single a-149\">Anuncie: 67-9.8482-3872<a class=\"gofollow\" data-track=\"MTQ5LDIsNjA=\" href=\"https:\/\/voti.top\/pantanal\/sandalias-personalizadas\/\/\"><img decoding=\"async\" src=\"https:\/\/voti.top\/pantanal\/wp-content\/uploads\/2024\/01\/leticia-chinelos002G-1.jpg\" \/><\/a>Detalhes desse an\u00fancio? Clique na imagem.<\/div><\/div><\/td><\/tr><\/tbody><\/table><\/figure>\n\n\n\n<p>S\u00e3o bolsas de estudo de 100% do Senac Para Todos, oferecidas por meio do\u00a0<em>Programa Senac de Gratuidade \u2013 PSG<\/em>, que tem por objetivo garantir o acesso \u00e0 educa\u00e7\u00e3o profissional de qualidade para pessoas com renda familiar mensal, per capita, de at\u00e9 dois sal\u00e1rios m\u00ednimos.<\/p>\n\n\n\n<p>Quem pode se inscrever:<br><a rel=\"noreferrer noopener\" href=\"https:\/\/ww3.ms.senac.br\/Cursos\/Gratuitos\" target=\"_blank\">https:\/\/ww3.ms.senac.br\/Cursos\/Gratuitos<\/a><\/p>\n\n\n\n<p>Consulte as vagas dispon\u00edveis:<br><a href=\"http:\/\/ms.senac.br\/Cursos\/Gratuitos\/Consulta-de-Vagas\">ms.senac.br\/Cursos\/Gratuitos\/Consulta-de-Vagas.<\/a><br>O ingresso nos cursos do PSG se d\u00e1 por ordem de inscri\u00e7\u00e3o do candidato.<\/p>\n\n\n\n<p>Mais informa\u00e7\u00f5es no site: <a rel=\"noreferrer noopener\" href=\"http:\/\/ms.senac.br\/paratodos\" target=\"_blank\">\u00a0http:\/\/ms.senac.br\/paratodos<\/a><br>Pelo telefone\u00a0<a href=\"callto:(67) 3234-2000\">(67) 3234-2000<\/a><br>Ou pelo WhatsApp\u00a0<a rel=\"noreferrer noopener\" href=\"https:\/\/wa.me\/5567999492638\" target=\"_blank\">67-99949-2638<\/a><\/p>\n\n\n\n<div class=\"g g-2\"><div class=\"g-single a-154\">Anuncie: 67-9.8482-3872<a class=\"gofollow\" data-track=\"MTU0LDIsNjA=\" href=\"https:\/\/voti.top\/pantanal\/eletrica-costa\/\"><img decoding=\"async\" src=\"https:\/\/voti.top\/pantanal\/wp-content\/uploads\/2024\/04\/IMG-20240429-WA0416.jpg\" \/><\/a>Detalhes desse an\u00fancio? Clique na imagem.<\/div><\/div>\n\n\n\n<p><\/p>\n\n\n\n<p>Veja tamb\u00e9m:<br>\ud83d\udc49  <a rel=\"noreferrer noopener\" href=\"https:\/\/voti.top\/pantanal\/\" target=\"_blank\"><strong><em>Empresas recebendo Curr\u00edculos!!!<\/em><\/strong><\/a><br>\ud83d\udc49  <a href=\"https:\/\/voti.top\/pantanal\/grupo\/\" data-type=\"page\" data-id=\"1075\"><strong><em>Grupo Whats App de Venda e Troca<\/em><\/strong><\/a><br>\ud83d\udc49  <strong><em><a rel=\"noreferrer noopener\" href=\"https:\/\/voti.top\/pantanal\/portfolio\/\" target=\"_blank\">Cadastre-se no Voti.top<\/a><\/em><\/strong><br>\ud83d\udc49  <strong><em><a rel=\"noreferrer noopener\" href=\"https:\/\/voti.top\/pantanal\/portfolio\/\" target=\"_blank\">Concursos Abertos<\/a><\/em><\/strong><\/p>\n\n\n\n<p><\/p>\n\n\n\n<p><\/p>\n\n\n\n<p class=\"has-text-align-center\"><strong><em>Patrocinadores:<\/em><\/strong><br><span style=\"font-weight: bold; color: #f00;\">Erro, n\u00e3o existe o grupo! Verifique sua sintaxe! (ID: 1)<\/span><\/p>\n\n\n\n<p><\/p>\n\n\n\n<p><\/p>\n\n\n\n<h2 class=\"has-text-align-center wp-block-heading\"><\/h2>\n","protected":false},"excerpt":{"rendered":"<p>Informa\u00e7\u00f5es Importantes sobre o Programa Senac de Gratuidade \u2013 PSG S\u00e3o bolsas de estudo de 100% do Senac Para Todos, oferecidas por meio do\u00a0Programa Senac de Gratuidade \u2013 PSG, que tem por objetivo garantir o acesso \u00e0 educa\u00e7\u00e3o profissional de qualidade para pessoas com renda familiar mensal, per capita, de at\u00e9 dois sal\u00e1rios m\u00ednimos. Quem <a class=\"more-link\" href=\"https:\/\/voti.top\/pantanal\/senac-cursos-gratuitos\/\">Leia mais&#8230; &raquo;<\/a><\/p>\n","protected":false},"author":1,"featured_media":0,"parent":0,"menu_order":0,"comment_status":"open","ping_status":"closed","template":"","meta":{"_mbp_gutenberg_autopost":false,"_joinchat":[],"footnotes":""},"class_list":["post-1751","page","type-page","status-publish","hentry"],"_links":{"self":[{"href":"https:\/\/voti.top\/pantanal\/wp-json\/wp\/v2\/pages\/1751","targetHints":{"allow":["GET"]}}],"collection":[{"href":"https:\/\/voti.top\/pantanal\/wp-json\/wp\/v2\/pages"}],"about":[{"href":"https:\/\/voti.top\/pantanal\/wp-json\/wp\/v2\/types\/page"}],"author":[{"embeddable":true,"href":"https:\/\/voti.top\/pantanal\/wp-json\/wp\/v2\/users\/1"}],"replies":[{"embeddable":true,"href":"https:\/\/voti.top\/pantanal\/wp-json\/wp\/v2\/comments?post=1751"}],"version-history":[{"count":7,"href":"https:\/\/voti.top\/pantanal\/wp-json\/wp\/v2\/pages\/1751\/revisions"}],"predecessor-version":[{"id":1760,"href":"https:\/\/voti.top\/pantanal\/wp-json\/wp\/v2\/pages\/1751\/revisions\/1760"}],"wp:attachment":[{"href":"https:\/\/voti.top\/pantanal\/wp-json\/wp\/v2\/media?parent=1751"}],"curies":[{"name":"wp","href":"https:\/\/api.w.org\/{rel}","templated":true}]}}