{"id":2120,"date":"2022-07-22T20:41:50","date_gmt":"2022-07-22T23:41:50","guid":{"rendered":"https:\/\/voti.top\/pantanal\/?page_id=2120"},"modified":"2022-09-06T17:41:47","modified_gmt":"2022-09-06T20:41:47","slug":"como-criar-e-enviar-um-e-mail","status":"publish","type":"page","link":"https:\/\/voti.top\/pantanal\/como-criar-e-enviar-um-e-mail\/","title":{"rendered":"Como criar e enviar um E-mail"},"content":{"rendered":"\n<div class=\"g g-2\"><div class=\"g-single a-10\">Anuncie: 67-9.8482-3872<a class=\"gofollow\" data-track=\"MTAsMiw2MA==\" href=\"https:\/\/voti.top\/pantanal\/c6-nubank-inter\/\"><img decoding=\"async\" src=\"https:\/\/voti.top\/pantanal\/wp-content\/uploads\/2022\/06\/c6-nubank-inter.jpg\" \/><\/a>Detalhes desse an\u00fancio? Clique na imagem.<\/div><\/div>\n\n\n\n<h5 class=\"wp-block-heading\">Muitos n\u00e3o est\u00e3o familiarizado com o meio digital, at\u00e9 mesmo enviar um simples E-mail<\/h5>\n\n\n\n<p>Muitas tarefas s\u00e3o exigidas pelo meio digital e precisamos estar antenados \u00e0s tend\u00eancias do mercado.<br>Sendo assim, para ajud\u00e1-lo nesta miss\u00e3o, assista os v\u00eddeos e aprenda a:<br>&#8211; Criar um curr\u00edculo e salv\u00e1-lo em PDF<br>&#8211; Enviar um curr\u00edculo por E-mail<\/p>\n\n\n\n<p><\/p>\n\n\n\n<p class=\"has-medium-font-size\">Crie e Gere seu Curr\u00edculo em PDF:<\/p>\n\n\n\n<p class=\"has-small-font-size\"><a rel=\"noreferrer noopener\" href=\"https:\/\/drive.google.com\/file\/d\/10a2n8v_IeLa-grwidwcUNd3HqWMfYDXp\/view?usp=drivesdk\" target=\"_blank\">https:\/\/drive.google.com\/file\/d\/10a2n8v_IeLa-grwidwcUNd3HqWMfYDXp\/view?usp=drivesdk<\/a><\/p>\n\n\n\n<p class=\"has-medium-font-size\"><\/p>\n\n\n\n<p><\/p>\n\n\n\n<p class=\"has-medium-font-size\">Criar e enviar um E-mail:<\/p>\n\n\n\n<figure class=\"wp-block-embed is-type-video is-provider-youtube wp-block-embed-youtube wp-embed-aspect-16-9 wp-has-aspect-ratio\"><div class=\"wp-block-embed__wrapper\">\n<iframe loading=\"lazy\" title=\"\ud83d\udce9 Como Criar um EMAIL GR\u00c1TIS no GMAIL Fa\u0301cil e R\u00e1pido | Por Luana Franco\" width=\"780\" height=\"439\" src=\"https:\/\/www.youtube.com\/embed\/c_HvmKl2j5w?feature=oembed\" frameborder=\"0\" allow=\"accelerometer; autoplay; clipboard-write; encrypted-media; gyroscope; picture-in-picture; web-share\" referrerpolicy=\"strict-origin-when-cross-origin\" allowfullscreen><\/iframe>\n<\/div><\/figure>\n\n\n\n<p><\/p>\n\n\n\n<p><\/p>\n\n\n\n<p>Veja tamb\u00e9m:<br>\ud83d\udc49  <a href=\"https:\/\/voti.top\/pantanal\/empresas-recebendo-curriculos\" target=\"_blank\" rel=\"noreferrer noopener\"><strong><em>Patrocinadores!!!<\/em><\/strong><\/a><br>\ud83d\udc49  <strong><em><a href=\"https:\/\/voti.top\/pantanal\/portfolio\/\" target=\"_blank\" rel=\"noreferrer noopener\">Cadastre-se no Voti.top<\/a><\/em><\/strong><br>\ud83d\udc49  <strong><em><a href=\"https:\/\/voti.top\/pantanal\/portfolio\/\" target=\"_blank\" rel=\"noreferrer noopener\">Concursos Abertos<\/a><\/em><\/strong><\/p>\n\n\n\n<p><\/p>\n\n\n\n<p class=\"has-text-align-center\"><strong><em>Patrocinadores:<\/em><\/strong><br><div class=\"g g-11\"><div class=\"g-col b-11 a-144\"><a class=\"gofollow\" data-track=\"MTQ0LDExLDYw\" href=\"https:\/\/voti.top\/pantanal\/oi-fibra\/\"><img decoding=\"async\" src=\"https:\/\/voti.top\/pantanal\/wp-content\/uploads\/2024\/03\/oi-005G.jpg\" \/><\/a><\/div><\/div><div class=\"g g-11\"><div class=\"g-col b-11 a-156\"><a class=\"gofollow\" data-track=\"MTU2LDExLDYw\" href=\"https:\/\/www.instagram.com\/ateliealicebarbosaa\/\"><img decoding=\"async\" src=\"https:\/\/voti.top\/pantanal\/wp-content\/uploads\/2024\/07\/atelie-alice-barbosa.jpg\" \/><\/a><\/div><\/div><div class=\"g g-11\"><div class=\"g-col b-11 a-158\"><a class=\"gofollow\" data-track=\"MTU4LDExLDYw\" href=\"https:\/\/voti.top\/pantanal\/pizzaria-puro-sabor\/\"><img decoding=\"async\" src=\"https:\/\/voti.top\/pantanal\/wp-content\/uploads\/2024\/07\/pizzaria-puro-sabor002G.jpg\" \/><\/a><\/div><\/div><div class=\"g g-11\"><div class=\"g-col b-11 a-143\"><a class=\"gofollow\" data-track=\"MTQzLDExLDYw\" href=\"https:\/\/voti.top\/pantanal\/eletrica-costa\/\"><img decoding=\"async\" src=\"https:\/\/voti.top\/pantanal\/wp-content\/uploads\/2023\/09\/piscinas003G.jpg\" \/><\/a><\/div><\/div><div class=\"g g-11\"><div class=\"g-col b-11 a-106\"><a class=\"gofollow\" data-track=\"MTA2LDExLDYw\" href=\"https:\/\/voti.top\/pantanal\/havaianas-customizadas\/\"><img decoding=\"async\" src=\"https:\/\/voti.top\/pantanal\/wp-content\/uploads\/2023\/03\/havaianas-customizadas001G.jpg\" \/><\/a><\/div><\/div><div class=\"g g-11\"><div class=\"g-col b-11 a-142\"><a class=\"gofollow\" data-track=\"MTQyLDExLDYw\" href=\"https:\/\/voti.top\/pantanal\/hello-bolsas\/\"><img decoding=\"async\" src=\"https:\/\/voti.top\/pantanal\/wp-content\/uploads\/2023\/09\/hellobolsas003G.jpg\" \/><\/a><\/div><\/div><div class=\"g g-11\"><div class=\"g-col b-11 a-162\"><a class=\"gofollow\" data-track=\"MTYyLDExLDYw\" href=\"https:\/\/www.meliuz.com.br\/i\/ref_fb768d4e?ref_source=83\/\"><img decoding=\"async\" src=\"https:\/\/voti.top\/pantanal\/wp-content\/uploads\/2025\/03\/meliuz-1.jpg\" \/><\/a><\/div><\/div><div class=\"g g-11\"><div class=\"g-col b-11 a-157\"><a class=\"gofollow\" data-track=\"MTU3LDExLDYw\" href=\"https:\/\/voti.top\/pantanal\/thays-tecnologia\/\"><img decoding=\"async\" src=\"https:\/\/voti.top\/pantanal\/wp-content\/uploads\/2024\/07\/thays-internet01G.jpg\" \/><\/a><\/div><\/div><div class=\"g g-11\"><div class=\"g-col b-11 a-155\"><a class=\"gofollow\" data-track=\"MTU1LDExLDYw\" href=\"https:\/\/voti.top\/pantanal\/protecao-veicular\/\"><img decoding=\"async\" src=\"https:\/\/voti.top\/pantanal\/wp-content\/uploads\/2024\/05\/protecao-veicular-1.jpg\" \/><\/a><\/div><\/div><div class=\"g g-11\"><div class=\"g-col b-11 a-46\"><a class=\"gofollow\" data-track=\"NDYsMTEsNjA=\" href=\"https:\/\/voti.top\/pantanal\/pastelaria-do-flamenguista\/\"><img decoding=\"async\" src=\"https:\/\/voti.top\/pantanal\/wp-content\/uploads\/2022\/09\/A017.jpg\" \/><\/a><\/div><\/div><div class=\"g g-11\"><div class=\"g-col b-11 a-5\"><a class=\"gofollow\" data-track=\"NSwxMSw2MA==\" href=\"https:\/\/voti.top\/pantanal\/almadatur\/\"><img decoding=\"async\" src=\"https:\/\/voti.top\/pantanal\/wp-content\/uploads\/2022\/10\/27.jpg\" \/><\/a><\/div><\/div><div class=\"g g-11\"><div class=\"g-col b-11 a-3\"><a class=\"gofollow\" data-track=\"MywxMSw2MA==\" href=\"https:\/\/voti.top\/pantanal\/eletrica-costa\/\"><img decoding=\"async\" src=\"https:\/\/voti.top\/pantanal\/wp-content\/uploads\/2022\/10\/Eletrica-CostaG.jpg\" \/><\/a><\/div><\/div><div class=\"g g-11\"><div class=\"g-col b-11 a-154\"><a class=\"gofollow\" data-track=\"MTU0LDExLDYw\" href=\"https:\/\/voti.top\/pantanal\/eletrica-costa\/\"><img decoding=\"async\" src=\"https:\/\/voti.top\/pantanal\/wp-content\/uploads\/2024\/04\/IMG-20240429-WA0416.jpg\" \/><\/a><\/div><\/div><div class=\"g g-11\"><div class=\"g-col b-11 a-160\"><a class=\"gofollow\" data-track=\"MTYwLDExLDYw\" href=\"https:\/\/voti.top\/pantanal\/acai-da-familia\/\"><img decoding=\"async\" src=\"https:\/\/voti.top\/pantanal\/wp-content\/uploads\/2024\/10\/acai02-2.jpg\" \/><\/a><\/div><\/div><div class=\"g g-11\"><div class=\"g-col b-11 a-47\"><a class=\"gofollow\" data-track=\"NDcsMTEsNjA=\" href=\"https:\/\/voti.top\/pantanal\/pastelaria-do-flamenguista\/\"><img decoding=\"async\" src=\"https:\/\/voti.top\/pantanal\/wp-content\/uploads\/2022\/10\/Pastel-da-Joaninha003G.jpg\" \/><\/a><\/div><\/div><div class=\"g g-11\"><div class=\"g-col b-11 a-129\"><a class=\"gofollow\" data-track=\"MTI5LDExLDYw\" href=\"https:\/\/voti.top\/pantanal\/despachante-vitoria\/\"><img decoding=\"async\" src=\"https:\/\/voti.top\/pantanal\/wp-content\/uploads\/2023\/07\/vitoria001G.jpg\" \/><\/a><\/div><\/div><div class=\"g g-11\"><div class=\"g-col b-11 a-159\"><a class=\"gofollow\" data-track=\"MTU5LDExLDYw\" href=\"https:\/\/www.facebook.com\/PanificadoraBuenosAires\/\"><img decoding=\"async\" src=\"https:\/\/voti.top\/pantanal\/wp-content\/uploads\/2024\/08\/padaria-buenos-airesG.jpg\" \/><\/a><\/div><\/div><div class=\"g g-11\"><div class=\"g-col b-11 a-132\"><a class=\"gofollow\" data-track=\"MTMyLDExLDYw\" href=\"https:\/\/voti.top\/pantanal\/\"><img decoding=\"async\" src=\"https:\/\/voti.top\/pantanal\/wp-content\/uploads\/2022\/09\/24-1.jpg\" \/><\/a><\/div><\/div><div class=\"g g-11\"><div class=\"g-col b-11 a-108\"><a class=\"gofollow\" data-track=\"MTA4LDExLDYw\" href=\"https:\/\/voti.top\/pantanal\/chinelos-bordados\/\"><img decoding=\"async\" src=\"https:\/\/voti.top\/pantanal\/wp-content\/uploads\/2023\/04\/chinelo02G.jpg\" \/><\/a><\/div><\/div><div class=\"g g-11\"><div class=\"g-col b-11 a-163\"><a href=\"https:\/\/cadastro.waktos.com.br\/53cf72b0-b42f-4754-bf9d-64ef82192817\r\n\"><img decoding=\"async\" src=\"https:\/\/voti.top\/pantanal\/wp-content\/uploads\/2025\/04\/5.jpg\" \/><\/a><\/div><\/div><br><div class=\"g g-22\"><div class=\"g-col b-22 a-160\">Anuncie: 67-9.8482-3872<a class=\"gofollow\" data-track=\"MTYwLDIyLDYw\" href=\"https:\/\/voti.top\/pantanal\/acai-da-familia\/\"><img decoding=\"async\" src=\"https:\/\/voti.top\/pantanal\/wp-content\/uploads\/2024\/10\/acai02-2.jpg\" \/><\/a>Detalhes desse an\u00fancio? Clique na imagem.<\/div><div class=\"g-col b-22 a-157\">Anuncie: 67-9.8482-3872<a class=\"gofollow\" data-track=\"MTU3LDIyLDYw\" href=\"https:\/\/voti.top\/pantanal\/thays-tecnologia\/\"><img decoding=\"async\" src=\"https:\/\/voti.top\/pantanal\/wp-content\/uploads\/2024\/07\/thays-internet01G.jpg\" \/><\/a>Detalhes desse an\u00fancio? Clique na imagem.<\/div><div class=\"g-col b-22 a-108\">Anuncie: 67-9.8482-3872<a class=\"gofollow\" data-track=\"MTA4LDIyLDYw\" href=\"https:\/\/voti.top\/pantanal\/chinelos-bordados\/\"><img decoding=\"async\" src=\"https:\/\/voti.top\/pantanal\/wp-content\/uploads\/2023\/04\/chinelo02G.jpg\" \/><\/a>Detalhes desse an\u00fancio? Clique na imagem.<\/div><div class=\"g-col b-22 a-165\">Anuncie: 67-9.8482-3872<a href=\"https:\/\/cadastro.waktos.com.br\/609fa692-81be-407b-ad53-47c033f74b03\"><img decoding=\"async\" src=\"https:\/\/voti.top\/pantanal\/wp-content\/uploads\/2025\/04\/marlene09.jpg\" \/><\/a>Detalhes desse an\u00fancio? Clique na imagem.<\/div><div class=\"g-col b-22 a-158\">Anuncie: 67-9.8482-3872<a class=\"gofollow\" data-track=\"MTU4LDIyLDYw\" href=\"https:\/\/voti.top\/pantanal\/pizzaria-puro-sabor\/\"><img decoding=\"async\" src=\"https:\/\/voti.top\/pantanal\/wp-content\/uploads\/2024\/07\/pizzaria-puro-sabor002G.jpg\" \/><\/a>Detalhes desse an\u00fancio? Clique na imagem.<\/div><div class=\"g-col b-22 a-10\">Anuncie: 67-9.8482-3872<a class=\"gofollow\" data-track=\"MTAsMjIsNjA=\" href=\"https:\/\/voti.top\/pantanal\/c6-nubank-inter\/\"><img decoding=\"async\" src=\"https:\/\/voti.top\/pantanal\/wp-content\/uploads\/2022\/06\/c6-nubank-inter.jpg\" \/><\/a>Detalhes desse an\u00fancio? Clique na imagem.<\/div><div class=\"g-col b-22 a-106\">Anuncie: 67-9.8482-3872<a class=\"gofollow\" data-track=\"MTA2LDIyLDYw\" href=\"https:\/\/voti.top\/pantanal\/havaianas-customizadas\/\"><img decoding=\"async\" src=\"https:\/\/voti.top\/pantanal\/wp-content\/uploads\/2023\/03\/havaianas-customizadas001G.jpg\" \/><\/a>Detalhes desse an\u00fancio? Clique na imagem.<\/div><div class=\"g-col b-22 a-129\">Anuncie: 67-9.8482-3872<a class=\"gofollow\" data-track=\"MTI5LDIyLDYw\" href=\"https:\/\/voti.top\/pantanal\/despachante-vitoria\/\"><img decoding=\"async\" src=\"https:\/\/voti.top\/pantanal\/wp-content\/uploads\/2023\/07\/vitoria001G.jpg\" \/><\/a>Detalhes desse an\u00fancio? Clique na imagem.<\/div><div class=\"g-col b-22 a-162\">Anuncie: 67-9.8482-3872<a class=\"gofollow\" data-track=\"MTYyLDIyLDYw\" href=\"https:\/\/www.meliuz.com.br\/i\/ref_fb768d4e?ref_source=83\/\"><img decoding=\"async\" src=\"https:\/\/voti.top\/pantanal\/wp-content\/uploads\/2025\/03\/meliuz-1.jpg\" \/><\/a>Detalhes desse an\u00fancio? Clique na imagem.<\/div><div class=\"g-col b-22 a-155\">Anuncie: 67-9.8482-3872<a class=\"gofollow\" data-track=\"MTU1LDIyLDYw\" href=\"https:\/\/voti.top\/pantanal\/protecao-veicular\/\"><img decoding=\"async\" src=\"https:\/\/voti.top\/pantanal\/wp-content\/uploads\/2024\/05\/protecao-veicular-1.jpg\" \/><\/a>Detalhes desse an\u00fancio? Clique na imagem.<\/div><\/div><div class=\"g g-22\"><div class=\"g-col b-22 a-154\">Anuncie: 67-9.8482-3872<a class=\"gofollow\" data-track=\"MTU0LDIyLDYw\" href=\"https:\/\/voti.top\/pantanal\/eletrica-costa\/\"><img decoding=\"async\" src=\"https:\/\/voti.top\/pantanal\/wp-content\/uploads\/2024\/04\/IMG-20240429-WA0416.jpg\" \/><\/a>Detalhes desse an\u00fancio? Clique na imagem.<\/div><div class=\"g-col b-22 a-40\">Anuncie: 67-9.8482-3872<a class=\"gofollow\" data-track=\"NDAsMjIsNjA=\" href=\"https:\/\/api.whatsapp.com\/send?phone=5567984823872&text=Por%20gentileza%2C%20gostaria%20de%20informa%C3%A7%C3%B5es%20de%20como%20anunciar%20no%20Voti.top.%20Grato\"><img decoding=\"async\" src=\"https:\/\/voti.top\/pantanal\/wp-content\/uploads\/2022\/09\/A060.jpg\" \/><\/a>Detalhes desse an\u00fancio? Clique na imagem.<\/div><div class=\"g-col b-22 a-41\">Anuncie: 67-9.8482-3872<a class=\"gofollow\" data-track=\"NDEsMjIsNjA=\" href=\"https:\/\/api.whatsapp.com\/send?phone=5567984823872&text=Por%20gentileza%2C%20gostaria%20de%20informa%C3%A7%C3%B5es%20de%20como%20anunciar%20no%20Voti.top.%20Grato\"><img decoding=\"async\" src=\"https:\/\/voti.top\/pantanal\/wp-content\/uploads\/2022\/09\/A061.jpg\" \/><\/a>Detalhes desse an\u00fancio? Clique na imagem.<\/div><div class=\"g-col b-22 a-132\">Anuncie: 67-9.8482-3872<a class=\"gofollow\" data-track=\"MTMyLDIyLDYw\" href=\"https:\/\/voti.top\/pantanal\/\"><img decoding=\"async\" src=\"https:\/\/voti.top\/pantanal\/wp-content\/uploads\/2022\/09\/24-1.jpg\" \/><\/a>Detalhes desse an\u00fancio? Clique na imagem.<\/div><div class=\"g-col b-22 a-3\">Anuncie: 67-9.8482-3872<a class=\"gofollow\" data-track=\"MywyMiw2MA==\" href=\"https:\/\/voti.top\/pantanal\/eletrica-costa\/\"><img decoding=\"async\" src=\"https:\/\/voti.top\/pantanal\/wp-content\/uploads\/2022\/10\/Eletrica-CostaG.jpg\" \/><\/a>Detalhes desse an\u00fancio? Clique na imagem.<\/div><div class=\"g-col b-22 a-24\">Anuncie: 67-9.8482-3872<a class=\"gofollow\" data-track=\"MjQsMjIsNjA=\" href=\"https:\/\/api.whatsapp.com\/send?phone=5567984823872&text=Por%20gentileza%2C%20gostaria%20de%20informa%C3%A7%C3%B5es%20de%20como%20anunciar%20no%20Voti.top.%20Grato\"><img decoding=\"async\" src=\"https:\/\/voti.top\/pantanal\/wp-content\/uploads\/2022\/09\/A065.jpg\" \/><\/a>Detalhes desse an\u00fancio? Clique na imagem.<\/div><div class=\"g-col b-22 a-161\">Anuncie: 67-9.8482-3872<a class=\"gofollow\" data-track=\"MTYxLDIyLDYw\" href=\"https:\/\/voti.top\/pantanal\/mltv\/\"><img decoding=\"async\" src=\"https:\/\/voti.top\/pantanal\/wp-content\/uploads\/2024\/10\/ml-tv-G.jpg\" \/><\/a>Detalhes desse an\u00fancio? Clique na imagem.<\/div><div class=\"g-col b-22 a-46\">Anuncie: 67-9.8482-3872<a class=\"gofollow\" data-track=\"NDYsMjIsNjA=\" href=\"https:\/\/voti.top\/pantanal\/pastelaria-do-flamenguista\/\"><img decoding=\"async\" src=\"https:\/\/voti.top\/pantanal\/wp-content\/uploads\/2022\/09\/A017.jpg\" \/><\/a>Detalhes desse an\u00fancio? Clique na imagem.<\/div><div class=\"g-col b-22 a-156\">Anuncie: 67-9.8482-3872<a class=\"gofollow\" data-track=\"MTU2LDIyLDYw\" href=\"https:\/\/www.instagram.com\/ateliealicebarbosaa\/\"><img decoding=\"async\" src=\"https:\/\/voti.top\/pantanal\/wp-content\/uploads\/2024\/07\/atelie-alice-barbosa.jpg\" \/><\/a>Detalhes desse an\u00fancio? Clique na imagem.<\/div><div class=\"g-col b-22 a-114\">Anuncie: 67-9.8482-3872<a class=\"gofollow\" data-track=\"MTE0LDIyLDYw\" href=\"https:\/\/voti.top\/pantanal\/cleo-silva-hair\/\"><img decoding=\"async\" src=\"https:\/\/voti.top\/pantanal\/wp-content\/uploads\/2023\/06\/cleo-silva-hair02G.jpg\" \/><\/a>Detalhes desse an\u00fancio? Clique na imagem.<\/div><\/div><div class=\"g g-22\"><div class=\"g-col b-22 a-141\">Anuncie: 67-9.8482-3872<a class=\"gofollow\" data-track=\"MTQxLDIyLDYw\" href=\"https:\/\/voti.top\/pantanal\/consultora-leticia\/\"><img decoding=\"async\" src=\"https:\/\/voti.top\/pantanal\/wp-content\/uploads\/2023\/08\/leticia-saude002G.jpg\" \/><\/a>Detalhes desse an\u00fancio? Clique na imagem.<\/div><div class=\"g-col b-22 a-143\">Anuncie: 67-9.8482-3872<a class=\"gofollow\" data-track=\"MTQzLDIyLDYw\" href=\"https:\/\/voti.top\/pantanal\/eletrica-costa\/\"><img decoding=\"async\" src=\"https:\/\/voti.top\/pantanal\/wp-content\/uploads\/2023\/09\/piscinas003G.jpg\" \/><\/a>Detalhes desse an\u00fancio? Clique na imagem.<\/div><div class=\"g-col b-22 a-136\">Anuncie: 67-9.8482-3872<a class=\"gofollow\" data-track=\"MTM2LDIyLDYw\" href=\"https:\/\/voti.top\/pantanal\/leticia-carneiro-semi-joias\/\"><img decoding=\"async\" src=\"https:\/\/voti.top\/pantanal\/wp-content\/uploads\/2023\/08\/leticia-joias001G.jpg\" \/><\/a>Detalhes desse an\u00fancio? Clique na imagem.<\/div><div class=\"g-col b-22 a-45\">Anuncie: 67-9.8482-3872<a class=\"gofollow\" data-track=\"NDUsMjIsNjA=\" href=\"https:\/\/www.casasbahia.com.br\/\"><img decoding=\"async\" src=\"https:\/\/voti.top\/pantanal\/wp-content\/uploads\/2022\/09\/A057.jpg\" \/><\/a>Detalhes desse an\u00fancio? Clique na imagem.<\/div><div class=\"g-col b-22 a-44\">Anuncie: 67-9.8482-3872<a class=\"gofollow\" data-track=\"NDQsMjIsNjA=\" href=\"https:\/\/www.casasbahia.com.br\/\"><img decoding=\"async\" src=\"https:\/\/voti.top\/pantanal\/wp-content\/uploads\/2022\/09\/A058.jpg\" \/><\/a>Detalhes desse an\u00fancio? Clique na imagem.<\/div><div class=\"g-col b-22 a-144\">Anuncie: 67-9.8482-3872<a class=\"gofollow\" data-track=\"MTQ0LDIyLDYw\" href=\"https:\/\/voti.top\/pantanal\/oi-fibra\/\"><img decoding=\"async\" src=\"https:\/\/voti.top\/pantanal\/wp-content\/uploads\/2024\/03\/oi-005G.jpg\" \/><\/a>Detalhes desse an\u00fancio? Clique na imagem.<\/div><div class=\"g-col b-22 a-159\">Anuncie: 67-9.8482-3872<a class=\"gofollow\" data-track=\"MTU5LDIyLDYw\" href=\"https:\/\/www.facebook.com\/PanificadoraBuenosAires\/\"><img decoding=\"async\" src=\"https:\/\/voti.top\/pantanal\/wp-content\/uploads\/2024\/08\/padaria-buenos-airesG.jpg\" \/><\/a>Detalhes desse an\u00fancio? Clique na imagem.<\/div><div class=\"g-col b-22 a-5\">Anuncie: 67-9.8482-3872<a class=\"gofollow\" data-track=\"NSwyMiw2MA==\" href=\"https:\/\/voti.top\/pantanal\/almadatur\/\"><img decoding=\"async\" src=\"https:\/\/voti.top\/pantanal\/wp-content\/uploads\/2022\/10\/27.jpg\" \/><\/a>Detalhes desse an\u00fancio? Clique na imagem.<\/div><div class=\"g-col b-22 a-149\">Anuncie: 67-9.8482-3872<a class=\"gofollow\" data-track=\"MTQ5LDIyLDYw\" href=\"https:\/\/voti.top\/pantanal\/sandalias-personalizadas\/\/\"><img decoding=\"async\" src=\"https:\/\/voti.top\/pantanal\/wp-content\/uploads\/2024\/01\/leticia-chinelos002G-1.jpg\" \/><\/a>Detalhes desse an\u00fancio? Clique na imagem.<\/div><div class=\"g-col b-22 a-148\">Anuncie: 67-9.8482-3872<a class=\"gofollow\" data-track=\"MTQ4LDIyLDYw\" href=\"https:\/\/voti.top\/pantanal\/claro-celular\/\"><img decoding=\"async\" src=\"https:\/\/voti.top\/pantanal\/wp-content\/uploads\/2023\/11\/claro003G.jpg\" \/><\/a>Detalhes desse an\u00fancio? Clique na imagem.<\/div><\/div><\/p>\n\n\n\n<p><\/p>\n\n\n\n<p><\/p>\n\n\n\n<h2 class=\"has-text-align-center wp-block-heading\"><\/h2>\n","protected":false},"excerpt":{"rendered":"<p>Muitos n\u00e3o est\u00e3o familiarizado com o meio digital, at\u00e9 mesmo enviar um simples E-mail Muitas tarefas s\u00e3o exigidas pelo meio digital e precisamos estar antenados \u00e0s tend\u00eancias do mercado.Sendo assim, para ajud\u00e1-lo nesta miss\u00e3o, assista os v\u00eddeos e aprenda a:&#8211; Criar um curr\u00edculo e salv\u00e1-lo em PDF&#8211; Enviar um curr\u00edculo por E-mail Crie e Gere <a class=\"more-link\" href=\"https:\/\/voti.top\/pantanal\/como-criar-e-enviar-um-e-mail\/\">Leia mais&#8230; &raquo;<\/a><\/p>\n","protected":false},"author":1,"featured_media":0,"parent":0,"menu_order":0,"comment_status":"open","ping_status":"closed","template":"","meta":{"_mbp_gutenberg_autopost":false,"_joinchat":[],"footnotes":""},"class_list":["post-2120","page","type-page","status-publish","hentry"],"_links":{"self":[{"href":"https:\/\/voti.top\/pantanal\/wp-json\/wp\/v2\/pages\/2120","targetHints":{"allow":["GET"]}}],"collection":[{"href":"https:\/\/voti.top\/pantanal\/wp-json\/wp\/v2\/pages"}],"about":[{"href":"https:\/\/voti.top\/pantanal\/wp-json\/wp\/v2\/types\/page"}],"author":[{"embeddable":true,"href":"https:\/\/voti.top\/pantanal\/wp-json\/wp\/v2\/users\/1"}],"replies":[{"embeddable":true,"href":"https:\/\/voti.top\/pantanal\/wp-json\/wp\/v2\/comments?post=2120"}],"version-history":[{"count":5,"href":"https:\/\/voti.top\/pantanal\/wp-json\/wp\/v2\/pages\/2120\/revisions"}],"predecessor-version":[{"id":4496,"href":"https:\/\/voti.top\/pantanal\/wp-json\/wp\/v2\/pages\/2120\/revisions\/4496"}],"wp:attachment":[{"href":"https:\/\/voti.top\/pantanal\/wp-json\/wp\/v2\/media?parent=2120"}],"curies":[{"name":"wp","href":"https:\/\/api.w.org\/{rel}","templated":true}]}}