{"id":269,"date":"2019-11-19T14:52:31","date_gmt":"2019-11-19T17:52:31","guid":{"rendered":"http:\/\/voti.top\/pantanal\/?page_id=269"},"modified":"2022-09-06T17:42:19","modified_gmt":"2022-09-06T20:42:19","slug":"concursos","status":"publish","type":"page","link":"https:\/\/voti.top\/pantanal\/concursos\/","title":{"rendered":"Concursos"},"content":{"rendered":"\n<div class=\"g g-2\"><div class=\"g-single a-161\">Anuncie: 67-9.8482-3872<a class=\"gofollow\" data-track=\"MTYxLDIsNjA=\" href=\"https:\/\/voti.top\/pantanal\/mltv\/\"><img decoding=\"async\" src=\"https:\/\/voti.top\/pantanal\/wp-content\/uploads\/2024\/10\/ml-tv-G.jpg\" \/><\/a>Detalhes desse an\u00fancio? Clique na imagem.<\/div><\/div>\n\n\n\n<ul class=\"wp-block-list\"><li><a href=\"http:\/\/www.fab.mil.br\/\">Aeron\u00e1utica<\/a><\/li><li><a href=\"http:\/\/www.eb.mil.br\/\">Ex\u00e9rcito<\/a><\/li><li><a href=\"http:\/\/www.mar.mil.br\/\">Marinha<\/a><\/li><li><a href=\"http:\/\/www.dpf.gov.br\/\">Pol\u00edcia Federal<\/a><\/li><\/ul>\n\n\n\n<div class=\"g g-2\"><div class=\"g-single a-158\">Anuncie: 67-9.8482-3872<a class=\"gofollow\" data-track=\"MTU4LDIsNjA=\" href=\"https:\/\/voti.top\/pantanal\/pizzaria-puro-sabor\/\"><img decoding=\"async\" src=\"https:\/\/voti.top\/pantanal\/wp-content\/uploads\/2024\/07\/pizzaria-puro-sabor002G.jpg\" \/><\/a>Detalhes desse an\u00fancio? Clique na imagem.<\/div><\/div>\n\n\n\n<ul class=\"wp-block-list\"><li><a href=\"http:\/\/www.administradores.com.br\/concursos\/\">Concurso Adm<\/a><\/li><li><a href=\"http:\/\/concursosnobrasil.com.br\/feed\/\">Concurso no Brasil<\/a><\/li><li><a href=\"http:\/\/canaldoensino.com.br\/blog\/16-sites-para-estudar-de-graca-para-concursos-publicos\">Concursos Canal do Ensino<\/a><\/li><li><a href=\"http:\/\/www.concursospublicos.org\/\">Concurso P\u00fablico<\/a><\/li><li><a href=\"http:\/\/www.concursovirtual.com.br\/\">Concurso Virtual<\/a><\/li><li><a href=\"http:\/\/g1.globo.com\/concursos-e-emprego\/noticia\/2015\/02\/veja-10-aplicativos-para-turbinar-seu-estudo-para-concursos.html\">Concursos \u2013 10 Aplicativos<\/a><br><div class=\"g g-2\"><div class=\"g-single a-148\">Anuncie: 67-9.8482-3872<a class=\"gofollow\" data-track=\"MTQ4LDIsNjA=\" href=\"https:\/\/voti.top\/pantanal\/claro-celular\/\"><img decoding=\"async\" src=\"https:\/\/voti.top\/pantanal\/wp-content\/uploads\/2023\/11\/claro003G.jpg\" \/><\/a>Detalhes desse an\u00fancio? Clique na imagem.<\/div><\/div><\/li><li><a href=\"http:\/\/qconcursos.com\/\">Q Concursos<\/a><\/li><li><a href=\"http:\/\/www.pciconcursos.com.br\/\">PCI Concursos<\/a><\/li><li><a href=\"http:\/\/www.folhadirigida.com.br\/\">Folha Dirigida<\/a><\/li><li><a href=\"http:\/\/www.tudosobreconcursos.com\/\">Tudo sobre Concursos<\/a><\/li><li><a href=\"http:\/\/g1.globo.com\/concursos-e-emprego\">Globo Concursos e Empregos<\/a><\/li><\/ul>\n\n\n\n<p><\/p>\n\n\n\n<p class=\"has-text-align-center\"><strong><em>Patrocinadores:<\/em><\/strong><\/p>\n\n\n\n<p class=\"has-text-align-center\"><span style=\"font-weight: bold; color: #f00;\">Erro, n\u00e3o existe o grupo! Verifique sua sintaxe! (ID: 1)<\/span><\/p>\n","protected":false},"excerpt":{"rendered":"<p>Aeron\u00e1utica Ex\u00e9rcito Marinha Pol\u00edcia Federal Concurso Adm Concurso no Brasil Concursos Canal do Ensino Concurso P\u00fablico Concurso Virtual Concursos \u2013 10 Aplicativos Q Concursos PCI Concursos Folha Dirigida Tudo sobre Concursos Globo Concursos e Empregos Patrocinadores:<\/p>\n","protected":false},"author":1,"featured_media":0,"parent":0,"menu_order":0,"comment_status":"closed","ping_status":"closed","template":"","meta":{"_mbp_gutenberg_autopost":false,"_joinchat":[],"footnotes":""},"class_list":["post-269","page","type-page","status-publish","hentry"],"_links":{"self":[{"href":"https:\/\/voti.top\/pantanal\/wp-json\/wp\/v2\/pages\/269","targetHints":{"allow":["GET"]}}],"collection":[{"href":"https:\/\/voti.top\/pantanal\/wp-json\/wp\/v2\/pages"}],"about":[{"href":"https:\/\/voti.top\/pantanal\/wp-json\/wp\/v2\/types\/page"}],"author":[{"embeddable":true,"href":"https:\/\/voti.top\/pantanal\/wp-json\/wp\/v2\/users\/1"}],"replies":[{"embeddable":true,"href":"https:\/\/voti.top\/pantanal\/wp-json\/wp\/v2\/comments?post=269"}],"version-history":[{"count":4,"href":"https:\/\/voti.top\/pantanal\/wp-json\/wp\/v2\/pages\/269\/revisions"}],"predecessor-version":[{"id":4497,"href":"https:\/\/voti.top\/pantanal\/wp-json\/wp\/v2\/pages\/269\/revisions\/4497"}],"wp:attachment":[{"href":"https:\/\/voti.top\/pantanal\/wp-json\/wp\/v2\/media?parent=269"}],"curies":[{"name":"wp","href":"https:\/\/api.w.org\/{rel}","templated":true}]}}